{"id":7370,"date":"2021-02-10T16:14:00","date_gmt":"2021-02-10T16:14:00","guid":{"rendered":"https:\/\/www.psychedelicsconnect.com\/?post_type=product&#038;p=7370"},"modified":"2024-10-03T10:18:08","modified_gmt":"2024-10-03T10:18:08","slug":"essere-rinnovato-macrodose-psilocibina-capsule-2","status":"publish","type":"product","link":"https:\/\/www.psychedelicsconnect.com\/it\/prodotto\/essere-rinnovato-macrodose-psilocibina-capsule-2\/","title":{"rendered":"Capsule di psilocibina macrodose rinnovate"},"content":{"rendered":"<p><strong><a href=\"https:\/\/www.psychedelicsconnect.com\/it\/tag-prodotto\/be-mushrooms\/\" target=\"_blank\" rel=\"noopener\">Siate funghi<\/a><\/strong>&nbsp;\u00e8 un&#039;azienda canadese 100% ben nota per la sua linea Premium di prodotti Microdose e adattogeni. Be Mushrooms ha aperto la strada al modo in cui le persone si sottopongono a microdosi consentendo agli utenti di creare stack nootropici personalizzati per adattarsi allo stile di vita degli utenti. Be Mushrooms si impegna per il benessere mentale e la salute procurandosi solo prodotti della massima qualit\u00e0 e utilizzando ingredienti naturali e biologici in tutta la sua linea. Ordina capsule di psilocibina online, acquista capsule di psilocibina online<\/p>\n\n\n\n<h2 class=\"wp-block-heading\">Acquista capsule di psilocibina macrodose Be Renewed<\/h2>\n\n\n\n<p>Progettato per essere il modo perfetto per assumere Psilocibina, Be Renewed \u00e8 stato creato pensando al benessere degli utenti finali e utilizza solo ingredienti naturali e biologici. Le capsule Be Renewed sono estremamente versatili e ideali per coloro che desiderano assumere una dose maggiore di psilocibina e non amano necessariamente il sapore di masticare funghi crudi. Assumere funghi magici sotto forma di capsule ha l&#039;ulteriore vantaggio di poter misurare il dosaggio in modo preciso e accurato. Lo zenzero biologico viene aggiunto alla formulazione per facilitare la digestione poich\u00e9 assumere funghi crudi a volte pu\u00f2 essere duro per lo stomaco. Ogni flacone contiene 25 capsule che sono vegane, senza glutine e non OGM. Acquista online le capsule Be Renewed Macrodose Psilocybin, ordina online le capsule Be Renewed Macrodose Psilocybin<\/p>\n\n\n\n<h2 class=\"wp-block-heading\">Capsule di psilocibina online<\/h2>\n\n\n\n<p><strong>Ogni confezione contiene: 10 capsule. Ogni capsula \u00e8 da 500 mg<\/strong><\/p>\n\n\n\n<p><strong>Uso consigliato:&nbsp;<\/strong>&nbsp;Rinnova la salute mentale ottimale con un riavvio Macrodose. Pensato per gli utenti che cercano un&#039;esperienza con i funghi migliorata e completa oltre alla loro solita&nbsp;<a href=\"https:\/\/www.magicmushroomsdispensary.ca\/product\/be-yourself-microdose-psilocybin-capsules\/\" rel=\"noopener\"><u>regime di microdosi<\/u><\/a>.<\/p>\n\n\n\n<p><strong>Dose consigliata<\/strong>: Il macrodosaggio varia in base al risultato desiderato.<\/p>\n\n\n\n<ul class=\"wp-block-list\">\n<li>Per rilassarsi, assumere 1 capsula.<\/li>\n\n\n\n<li>Per ringiovanire, assumere 3 capsule.<\/li>\n\n\n\n<li>Per una macrodose ricostituente completa, assumere 5 capsule.<\/li>\n<\/ul>\n\n\n\n<p><strong>Ingredienti:<\/strong><\/p>\n\n\n\n<ul class=\"wp-block-list\">\n<li>Psilocybe Cubensis biologico (450 mg)<\/li>\n\n\n\n<li>Zenzero biologico (50 mg)<\/li>\n<\/ul>\n\n\n\n<p><strong>Caratteristiche principali del prodotto:<\/strong><\/p>\n\n\n\n<ul class=\"wp-block-list\">\n<li>Facile da ingerire<\/li>\n\n\n\n<li>Dosaggio preciso e accurato<\/li>\n\n\n\n<li>Capsule vegane e senza glutine<\/li>\n\n\n\n<li>Ingredienti naturali e biologici<\/li>\n\n\n\n<li>Non OGM<\/li>\n\n\n\n<li>Testato in laboratorio per garantire qualit\u00e0 e sicurezza<\/li>\n\n\n\n<li>Imballaggio protetto dai raggi UV<\/li>\n\n\n\n<li>10 capsule per flacone<\/li>\n<\/ul>\n\n\n\n<p><strong>Vantaggi del macrodosaggio:<\/strong><\/p>\n\n\n\n<ul class=\"wp-block-list\">\n<li>Esperienza psicoattiva completa<\/li>\n\n\n\n<li>Aumento della neuroplasticit\u00e0<\/li>\n\n\n\n<li>Maggiore creativit\u00e0 e capacit\u00e0 di pensare al di fuori della rete in modalit\u00e0 predefinita<\/li>\n\n\n\n<li>Maggiore empatia e relazioni migliorate<\/li>\n\n\n\n<li>Maggiore senso di gratitudine e interconnessione della vita<\/li>\n<\/ul>","protected":false},"excerpt":{"rendered":"<p>Progettato per essere il modo perfetto per assumere Psilocibina, Be Renewed \u00e8 stato creato pensando al benessere degli utenti finali e utilizza solo ingredienti naturali e biologici. Le capsule Be Renewed sono estremamente versatili e ideali per coloro che desiderano assumere una dose maggiore di psilocibina e non amano necessariamente il sapore di masticare funghi crudi. Assumere funghi magici in capsule ha l&#039;ulteriore vantaggio di poter misurare il dosaggio in modo preciso e accurato. Lo zenzero biologico \u00e8 aggiunto alla formulazione per facilitare la digestione poich\u00e9 assumere funghi crudi a volte pu\u00f2 essere duro per lo stomaco. Ogni confezione contiene 10 capsule che sono adatte ai vegani, senza glutine e non OGM.<\/p>","protected":false},"featured_media":7371,"comment_status":"open","ping_status":"closed","template":"","meta":[],"product_brand":[],"product_cat":[165,171],"product_tag":[],"class_list":{"0":"post-7370","1":"product","2":"type-product","3":"status-publish","4":"has-post-thumbnail","6":"product_cat-buy-mushroom-capsules","7":"product_cat-buy-macrodose-mushrooms","9":"first","10":"instock","11":"sale","12":"shipping-taxable","13":"purchasable","14":"product-type-simple"},"_links":{"self":[{"href":"https:\/\/www.psychedelicsconnect.com\/it\/wp-json\/wp\/v2\/product\/7370","targetHints":{"allow":["GET"]}}],"collection":[{"href":"https:\/\/www.psychedelicsconnect.com\/it\/wp-json\/wp\/v2\/product"}],"about":[{"href":"https:\/\/www.psychedelicsconnect.com\/it\/wp-json\/wp\/v2\/types\/product"}],"replies":[{"embeddable":true,"href":"https:\/\/www.psychedelicsconnect.com\/it\/wp-json\/wp\/v2\/comments?post=7370"}],"wp:featuredmedia":[{"embeddable":true,"href":"https:\/\/www.psychedelicsconnect.com\/it\/wp-json\/wp\/v2\/media\/7371"}],"wp:attachment":[{"href":"https:\/\/www.psychedelicsconnect.com\/it\/wp-json\/wp\/v2\/media?parent=7370"}],"wp:term":[{"taxonomy":"product_brand","embeddable":true,"href":"https:\/\/www.psychedelicsconnect.com\/it\/wp-json\/wp\/v2\/product_brand?post=7370"},{"taxonomy":"product_cat","embeddable":true,"href":"https:\/\/www.psychedelicsconnect.com\/it\/wp-json\/wp\/v2\/product_cat?post=7370"},{"taxonomy":"product_tag","embeddable":true,"href":"https:\/\/www.psychedelicsconnect.com\/it\/wp-json\/wp\/v2\/product_tag?post=7370"}],"curies":[{"name":"wp","href":"https:\/\/api.w.org\/{rel}","templated":true}]}}