{"id":7857,"date":"2023-12-21T18:57:39","date_gmt":"2023-12-21T18:57:39","guid":{"rendered":"https:\/\/www.psychedelicsconnect.com\/?post_type=product&#038;p=7857"},"modified":"2024-10-03T10:18:00","modified_gmt":"2024-10-03T10:18:00","slug":"kop-schwifty-labs-5-meo-dmt-patroner-5-ml","status":"publish","type":"product","link":"https:\/\/www.psychedelicsconnect.com\/sv\/produkt\/kop-schwifty-labs-5-meo-dmt-patroner-5-ml\/","title":{"rendered":"K\u00f6p Schwifty Labs 5-MeO DMT-patroner 0,5 ml"},"content":{"rendered":"<h1 class=\"wp-block-heading\">K\u00f6p Schwifty Labs 5-MeO DMT-patroner 0,5 ml<\/h1>\n\n\n\n<p>Schwifty Labs DMT 0,5 ml penna \u00e4r versionen av originalet med \u00f6ver dubbel kapacitet! V\u00e5r 0,5 ml penna inneh\u00e5ller 350 mg NN-DMT och kan leverera den absoluta BLAST OFF-effekten. Ingen annan produkt kan j\u00e4mf\u00f6ras med Schwifty Labs DMT. Skaffa din idag!<\/p>\n\n\n\n<p>-200 mg NN-DMT<br>- 0,5 ml keramisk patron<br>-510 g\u00e4ngad, passar alla batterier\/pennor<\/p>\n\n\n\n<h2 class=\"wp-block-heading\"><strong>Best\u00e4ll Schwifty Labs 0,5 ml DMT-patroner<\/strong><\/h2>\n\n\n\n<p>Monoaminoxidas tj\u00e4nar effektivt till att neutralisera alla psykoaktiva effekter som kanske skulle k\u00e4nnas p\u00e5 grund av kroppens naturligt producerade\u00a0<a href=\"https:\/\/www.psychedelicsconnect.com\/sv\/produkt-kategori\/dmt-vape-penna\/\">DMT<\/a>, eftersom dess roll i kroppen \u00e4r att &quot;reng\u00f6ra&quot; neuroreceptorer genom att deaminera flera olika monoaminneurotransmittorer (serotonin, dopamin och noradrenalin \u00e4r alla monoaminneurotransmittorer). N-N,dimetyltryptamin \u00e4r ocks\u00e5 en monoaminf\u00f6rening, och bryts d\u00e4rf\u00f6r ner av MAO innan den har chansen att \u00f6verf\u00f6ras genom hj\u00e4rnan fr\u00e5n sin syntespunkt i hj\u00e4rnbarken.<\/p>\n\n\n\n<p> <a href=\"https:\/\/www.psychedelicsconnect.com\/sv\/produkt-kategori\/dmt-vape-penna\/\" data-type=\"link\" data-id=\"https:\/\/www.psychedelicsconnect.com\/product-category\/dmt-vape-pen\/\"><img decoding=\"async\" width=\"150\" height=\"150\" class=\"wp-image-7858\" style=\"width: 150px;\" src=\"https:\/\/www.psychedelicsconnect.com\/wp-content\/uploads\/2023\/12\/Buy-Schwifty-Labs-5-MeO-DMT-Cartridge-.5mL.jpg\" alt=\"DMT-patroner\" srcset=\"https:\/\/www.psychedelicsconnect.com\/wp-content\/uploads\/2023\/12\/Buy-Schwifty-Labs-5-MeO-DMT-Cartridge-.5mL.jpg 600w, https:\/\/www.psychedelicsconnect.com\/wp-content\/uploads\/2023\/12\/Buy-Schwifty-Labs-5-MeO-DMT-Cartridge-.5mL-300x300.jpg 300w, https:\/\/www.psychedelicsconnect.com\/wp-content\/uploads\/2023\/12\/Buy-Schwifty-Labs-5-MeO-DMT-Cartridge-.5mL-150x150.jpg 150w, https:\/\/www.psychedelicsconnect.com\/wp-content\/uploads\/2023\/12\/Buy-Schwifty-Labs-5-MeO-DMT-Cartridge-.5mL-12x12.jpg 12w, https:\/\/www.psychedelicsconnect.com\/wp-content\/uploads\/2023\/12\/Buy-Schwifty-Labs-5-MeO-DMT-Cartridge-.5mL-441x441.jpg 441w, https:\/\/www.psychedelicsconnect.com\/wp-content\/uploads\/2023\/12\/Buy-Schwifty-Labs-5-MeO-DMT-Cartridge-.5mL-100x100.jpg 100w\" sizes=\"(max-width: 150px) 100vw, 150px\" \/><img decoding=\"async\" width=\"150\" height=\"150\" class=\"wp-image-7719\" style=\"width: 150px;\" src=\"https:\/\/www.psychedelicsconnect.com\/wp-content\/uploads\/2023\/05\/Buy-Schwifty-Labs-5-Meo-DMT-Cartridge.jpg\" alt=\"K\u00f6p Schwifty Labs 5-Meo DMT-patron\" srcset=\"https:\/\/www.psychedelicsconnect.com\/wp-content\/uploads\/2023\/05\/Buy-Schwifty-Labs-5-Meo-DMT-Cartridge.jpg 600w, https:\/\/www.psychedelicsconnect.com\/wp-content\/uploads\/2023\/05\/Buy-Schwifty-Labs-5-Meo-DMT-Cartridge-300x300.jpg 300w, https:\/\/www.psychedelicsconnect.com\/wp-content\/uploads\/2023\/05\/Buy-Schwifty-Labs-5-Meo-DMT-Cartridge-150x150.jpg 150w, https:\/\/www.psychedelicsconnect.com\/wp-content\/uploads\/2023\/05\/Buy-Schwifty-Labs-5-Meo-DMT-Cartridge-441x441.jpg 441w, https:\/\/www.psychedelicsconnect.com\/wp-content\/uploads\/2023\/05\/Buy-Schwifty-Labs-5-Meo-DMT-Cartridge-100x100.jpg 100w\" sizes=\"(max-width: 150px) 100vw, 150px\" \/><\/a><\/p>\n\n\n\n<h3 class=\"wp-block-heading\"><strong>Schwifty Labs 0,5 ml DMT-patroner till salu<\/strong><\/h3>\n\n\n\n<p>\u00c4ven om vi inte medvetet kan k\u00e4nna effekterna av den DMT som skapas i v\u00e5ra hj\u00e4rnor just nu, kan exogent DMT (som inte produceras av kroppen) introduceras i tillr\u00e4ckligt stora m\u00e4ngder, vilket kan \u00f6vervinna den h\u00e4mmande effekten av MAO och framkalla en kort men mycket intensiv psykedelisk upplevelse. En annan konsumtionsmetod som g\u00f6r det m\u00f6jligt f\u00f6r anv\u00e4ndaren att uppleva psykoaktiva effekter fr\u00e5n DMT \u00e4r att blanda DMT med en monoamin.<a href=\"http:\/\/google.com\/\" target=\"_blank\" rel=\"noreferrer noopener\">&nbsp;Oxidas<\/a>&nbsp;H\u00e4mmare (MAO-h\u00e4mmare). Ayahuasca-brygden, som vanligtvis \u00e4r en blandning av Mimosa Hostilis-rotbark eller Psychotria viridis (b\u00e5da v\u00e4xter som inneh\u00e5ller h\u00f6ga halter av DMT) och Banisteriopsis caapi-rankan, som \u00e4r en MAO-h\u00e4mmare. \u00c4ven om dessa \u00e4r huvudingredienserna i Ayahuasca, finns det flera andra (ocks\u00e5 psykoaktiva) ingredienser.<\/p>\n\n\n\n<p><em><strong>K\u00f6p Schwifty Labs 0,5 ml DMT-patron<\/strong><\/em><\/p>","protected":false},"excerpt":{"rendered":"<div class=\"woocommerce-product-details__short-description\">\n<div class=\"group w-full text-gray-800 dark:text-gray-100 border-b border-black\/10 dark:border-gray-900\/50 bg-gray-50 dark:bg-[#444654]\">\n<div class=\"flex p-4 gap-4 text-base md:gap-6 md:max-w-2xl lg:max-w-xl xl:max-w-3xl md:py-6 lg:px-0 m-auto\">\n<div class=\"relative flex flex-col w-[calc(100%-50px)] gap-1 md:gap-3 lg:w-[calc(100%-115px)]\">\n<div class=\"flex flex-grow flex-col gap-3\">\n<div class=\"min-h-[20px] flex flex-col items-start gap-4 whitespace-pre-wrap break-words\">\n<div class=\"markdown prose w-full break-words dark:prose-invert light\">\n<div class=\"group w-full text-gray-800 dark:text-gray-100 border-b border-black\/10 dark:border-gray-900\/50 bg-gray-50 dark:bg-[#444654]\">\n<div class=\"flex p-4 gap-4 text-base md:gap-6 md:max-w-2xl lg:max-w-xl xl:max-w-3xl md:py-6 lg:px-0 m-auto\">\n<div class=\"relative flex flex-col w-[calc(100%-50px)] gap-1 md:gap-3 lg:w-[calc(100%-115px)]\">\n<div class=\"flex flex-grow flex-col gap-3\">\n<div class=\"min-h-[20px] flex flex-col items-start gap-4 whitespace-pre-wrap break-words\">\n<div class=\"markdown prose w-full break-words dark:prose-invert light\">\u201cUnlock the Secrets of Your Mind with Schwifty Labs .5mL DMT Cartridge \u2013 A Revolutionary Tool for Spiritual Exploration!\u201d<\/div>\n<\/div>\n<\/div>\n<\/div>\n<\/div>\n<\/div>\n<\/div>\n<\/div>\n<\/div>\n<\/div>\n<\/div>\n<\/div>\n<\/div>\n<ul>\n<li id=\"shoptimizer-sticky-anchor\"><strong>.5\u00a0<\/strong>mL ceramic cartridge<\/li>\n<li>200 mg NN-DMT<\/li>\n<li>510 threaded, fits any battery\/pen<\/li>\n<\/ul>\n","protected":false},"featured_media":7858,"comment_status":"closed","ping_status":"closed","template":"","meta":[],"product_brand":[],"product_cat":[241],"product_tag":[],"class_list":{"0":"post-7857","1":"product","2":"type-product","3":"status-publish","4":"has-post-thumbnail","6":"product_cat-dmt-vape-pen","8":"first","9":"instock","10":"sale","11":"shipping-taxable","12":"purchasable","13":"product-type-simple"},"_links":{"self":[{"href":"https:\/\/www.psychedelicsconnect.com\/sv\/wp-json\/wp\/v2\/product\/7857","targetHints":{"allow":["GET"]}}],"collection":[{"href":"https:\/\/www.psychedelicsconnect.com\/sv\/wp-json\/wp\/v2\/product"}],"about":[{"href":"https:\/\/www.psychedelicsconnect.com\/sv\/wp-json\/wp\/v2\/types\/product"}],"replies":[{"embeddable":true,"href":"https:\/\/www.psychedelicsconnect.com\/sv\/wp-json\/wp\/v2\/comments?post=7857"}],"wp:featuredmedia":[{"embeddable":true,"href":"https:\/\/www.psychedelicsconnect.com\/sv\/wp-json\/wp\/v2\/media\/7858"}],"wp:attachment":[{"href":"https:\/\/www.psychedelicsconnect.com\/sv\/wp-json\/wp\/v2\/media?parent=7857"}],"wp:term":[{"taxonomy":"product_brand","embeddable":true,"href":"https:\/\/www.psychedelicsconnect.com\/sv\/wp-json\/wp\/v2\/product_brand?post=7857"},{"taxonomy":"product_cat","embeddable":true,"href":"https:\/\/www.psychedelicsconnect.com\/sv\/wp-json\/wp\/v2\/product_cat?post=7857"},{"taxonomy":"product_tag","embeddable":true,"href":"https:\/\/www.psychedelicsconnect.com\/sv\/wp-json\/wp\/v2\/product_tag?post=7857"}],"curies":[{"name":"wp","href":"https:\/\/api.w.org\/{rel}","templated":true}]}}